{"id":10,"date":"2025-12-10T11:48:01","date_gmt":"2025-12-10T11:48:01","guid":{"rendered":"https:\/\/tampereenilotulitus.fi\/?page_id=10"},"modified":"2025-12-11T11:18:24","modified_gmt":"2025-12-11T11:18:24","slug":"etusivu","status":"publish","type":"page","link":"https:\/\/tampereenilotulitus.fi\/","title":{"rendered":"Etusivu"},"content":{"rendered":"<p>[et_pb_section fb_built=&#8221;1&#8243; _builder_version=&#8221;4.27.3&#8243; _module_preset=&#8221;default&#8221; background_image=&#8221;https:\/\/tampereenilotulitus.fi\/wp-content\/uploads\/2025\/12\/tampereen-ilotulitus-header-v01.jpg&#8221; custom_margin=&#8221;0px|0px|0px|0px|false|false&#8221; custom_padding=&#8221;0px|0px|0px|0px|false|false&#8221; global_colors_info=&#8221;{}&#8221;][et_pb_row _builder_version=&#8221;4.27.3&#8243; _module_preset=&#8221;default&#8221; background_image=&#8221;https:\/\/tampereenilotulitus.fi\/wp-content\/uploads\/2025\/12\/tampereen-ilotulitus-parallel-v01.jpg.png&#8221; parallax=&#8221;on&#8221; width=&#8221;100%&#8221; max_width=&#8221;none&#8221; custom_margin=&#8221;0px|0px|0px|0px|false|false&#8221; custom_padding=&#8221;100px|0px|100px|0px|true|false&#8221; global_colors_info=&#8221;{}&#8221;][et_pb_column type=&#8221;4_4&#8243; _builder_version=&#8221;4.27.3&#8243; _module_preset=&#8221;default&#8221; global_colors_info=&#8221;{}&#8221;][et_pb_image src=&#8221;https:\/\/tampereenilotulitus.fi\/wp-content\/uploads\/2025\/12\/tampereen-ilotulitus-logo-v01-1.png&#8221; title_text=&#8221;tampereen-ilotulitus-logo-v01&#8243; align=&#8221;center&#8221; _builder_version=&#8221;4.27.3&#8243; _module_preset=&#8221;default&#8221; max_height=&#8221;70vh&#8221; custom_margin=&#8221;15vh||||false|false&#8221; scroll_vertical_motion_enable=&#8221;on&#8221; scroll_vertical_motion=&#8221;0|50|50|100|4|0|-2&#8243; global_colors_info=&#8221;{}&#8221;][\/et_pb_image][\/et_pb_column][\/et_pb_row][\/et_pb_section][et_pb_section fb_built=&#8221;1&#8243; _builder_version=&#8221;4.27.3&#8243; _module_preset=&#8221;default&#8221; background_color=&#8221;#0b1226&#8243; custom_padding=&#8221;100px||100px||true|false&#8221; hover_enabled=&#8221;0&#8243; global_colors_info=&#8221;{}&#8221; sticky_enabled=&#8221;0&#8243;][et_pb_row _builder_version=&#8221;4.27.3&#8243; _module_preset=&#8221;default&#8221; global_colors_info=&#8221;{}&#8221;][et_pb_column type=&#8221;4_4&#8243; _builder_version=&#8221;4.27.3&#8243; _module_preset=&#8221;default&#8221; global_colors_info=&#8221;{}&#8221;][et_pb_text _builder_version=&#8221;4.27.3&#8243; _module_preset=&#8221;default&#8221; global_colors_info=&#8221;{}&#8221;]<\/p>\n<h1>Ota vuosi 2026 vastaan tyylill\u00e4<\/h1>\n<p>Ratinan uudenvuoden ilotulitus valaisee j\u00e4lleen Tampereen taivaan! Tapahtuma toteutetaan t\u00e4n\u00e4kin vuonna paikallisten yritt\u00e4jien yhteisvoimin, ja se tarjoaa kaupunkilaisille ja vierailijoille maksuttoman, turvallisen ja n\u00e4ytt\u00e4v\u00e4n juhlahetken. Ilotulitus ammutaan Ratinan suvannosta uudenvuodenaattona 31.12. klo 22.00.<\/p>\n<p>Parhaat katselupaikat l\u00f6ytyv\u00e4t Ratinan, Laukontorin, Koskikeskuksen ja Hatanp\u00e4\u00e4n ranta-alueilta. T\u00e4n\u00e4 vuonna tunnelmasta voi nauttia my\u00f6s Laivaravintola Suvin ja Little Joen kansilla, jotka avaavat ovensa tarjoilemaan kuumia juomia aitiopaikalla. Muistathan, ett\u00e4 omien ilotulitteiden k\u00e4ytt\u00f6 ydinkeskustassa on kielletty, joten saavuthan nauttimaan yhteisest\u00e4, ammattilaisten toteuttamasta show&#8217;sta.<\/p>\n<p>[\/et_pb_text][\/et_pb_column][\/et_pb_row][\/et_pb_section][et_pb_section fb_built=&#8221;1&#8243; _builder_version=&#8221;4.27.3&#8243; _module_preset=&#8221;default&#8221; background_color=&#8221;#000000&#8243; background_enable_image=&#8221;off&#8221; custom_margin=&#8221;0px|0px|0px|0px|false|false&#8221; custom_padding=&#8221;0px|0px|0px|0px|false|false&#8221; global_colors_info=&#8221;{}&#8221;][et_pb_row _builder_version=&#8221;4.27.3&#8243; _module_preset=&#8221;default&#8221; width=&#8221;100vw&#8221; max_width=&#8221;none&#8221; custom_margin=&#8221;0px|0px|0px|0px|false|false&#8221; custom_padding=&#8221;0px|0px|0px|0px|false|false&#8221; global_colors_info=&#8221;{}&#8221;][et_pb_column type=&#8221;4_4&#8243; _builder_version=&#8221;4.27.3&#8243; _module_preset=&#8221;default&#8221; global_colors_info=&#8221;{}&#8221;][et_pb_image src=&#8221;https:\/\/tampereenilotulitus.fi\/wp-content\/uploads\/2025\/12\/tampereen-ilotulitus-footer-v02-2-scaled.jpg&#8221; title_text=&#8221;tampereen-ilotulitus-footer-v02&#8243; _builder_version=&#8221;4.27.3&#8243; _module_preset=&#8221;default&#8221; width=&#8221;100vw&#8221; max_width=&#8221;100vw&#8221; global_colors_info=&#8221;{}&#8221;][\/et_pb_image][\/et_pb_column][\/et_pb_row][\/et_pb_section][et_pb_section fb_built=&#8221;1&#8243; _builder_version=&#8221;4.27.3&#8243; _module_preset=&#8221;default&#8221; background_color=&#8221;#000000&#8243; custom_margin=&#8221;||||false|false&#8221; global_colors_info=&#8221;{}&#8221;][et_pb_row _builder_version=&#8221;4.27.3&#8243; _module_preset=&#8221;default&#8221; global_colors_info=&#8221;{}&#8221;][et_pb_column type=&#8221;4_4&#8243; _builder_version=&#8221;4.27.3&#8243; _module_preset=&#8221;default&#8221; global_colors_info=&#8221;{}&#8221;][et_pb_image src=&#8221;https:\/\/tampereenilotulitus.fi\/wp-content\/uploads\/2025\/12\/tampereen-ilotulitus-yhteistyossa-v01.png&#8221; title_text=&#8221;tampereen-ilotulitus-yhteistyossa-mobiili-v01&#8243; src_tablet=&#8221;https:\/\/tampereenilotulitus.fi\/wp-content\/uploads\/2025\/12\/tampereen-ilotulitus-yhteistyossa-v01.png&#8221; src_phone=&#8221;https:\/\/tampereenilotulitus.fi\/wp-content\/uploads\/2025\/12\/tampereen-ilotulitus-yhteistyossa-mobiili-v01-1.png&#8221; src_last_edited=&#8221;on|phone&#8221; _builder_version=&#8221;4.27.3&#8243; _module_preset=&#8221;default&#8221; global_colors_info=&#8221;{}&#8221;][\/et_pb_image][\/et_pb_column][\/et_pb_row][\/et_pb_section]<\/p>\n","protected":false},"excerpt":{"rendered":"<p>Ota vuosi 2026 vastaan tyylill\u00e4 Ratinan uudenvuoden ilotulitus valaisee j\u00e4lleen Tampereen taivaan! Tapahtuma toteutetaan t\u00e4n\u00e4kin vuonna paikallisten yritt\u00e4jien yhteisvoimin, ja se tarjoaa kaupunkilaisille ja vierailijoille maksuttoman, turvallisen ja n\u00e4ytt\u00e4v\u00e4n juhlahetken. Ilotulitus ammutaan Ratinan suvannosta uudenvuodenaattona 31.12. klo 22.00. Parhaat katselupaikat l\u00f6ytyv\u00e4t Ratinan, Laukontorin, Koskikeskuksen ja Hatanp\u00e4\u00e4n ranta-alueilta. T\u00e4n\u00e4 vuonna tunnelmasta voi nauttia my\u00f6s Laivaravintola Suvin [&hellip;]<\/p>\n","protected":false},"author":2,"featured_media":0,"parent":0,"menu_order":0,"comment_status":"closed","ping_status":"closed","template":"","meta":{"_et_pb_use_builder":"on","_et_pb_old_content":"","_et_gb_content_width":"","footnotes":""},"class_list":["post-10","page","type-page","status-publish","hentry"],"_links":{"self":[{"href":"https:\/\/tampereenilotulitus.fi\/index.php?rest_route=\/wp\/v2\/pages\/10","targetHints":{"allow":["GET"]}}],"collection":[{"href":"https:\/\/tampereenilotulitus.fi\/index.php?rest_route=\/wp\/v2\/pages"}],"about":[{"href":"https:\/\/tampereenilotulitus.fi\/index.php?rest_route=\/wp\/v2\/types\/page"}],"author":[{"embeddable":true,"href":"https:\/\/tampereenilotulitus.fi\/index.php?rest_route=\/wp\/v2\/users\/2"}],"replies":[{"embeddable":true,"href":"https:\/\/tampereenilotulitus.fi\/index.php?rest_route=%2Fwp%2Fv2%2Fcomments&post=10"}],"version-history":[{"count":22,"href":"https:\/\/tampereenilotulitus.fi\/index.php?rest_route=\/wp\/v2\/pages\/10\/revisions"}],"predecessor-version":[{"id":78,"href":"https:\/\/tampereenilotulitus.fi\/index.php?rest_route=\/wp\/v2\/pages\/10\/revisions\/78"}],"wp:attachment":[{"href":"https:\/\/tampereenilotulitus.fi\/index.php?rest_route=%2Fwp%2Fv2%2Fmedia&parent=10"}],"curies":[{"name":"wp","href":"https:\/\/api.w.org\/{rel}","templated":true}]}}